{"id":1094,"date":"2020-06-17T16:20:30","date_gmt":"2020-06-17T16:20:30","guid":{"rendered":"https:\/\/www.hotelaquamer.ca\/carriere\/"},"modified":"2025-06-09T10:56:47","modified_gmt":"2025-06-09T15:56:47","slug":"careers","status":"publish","type":"page","link":"https:\/\/www.hotelaquamer.ca\/en\/careers\/","title":{"rendered":"Careers"},"content":{"rendered":"<div id='av_section_1'  class='avia-section main_color avia-section-default avia-no-border-styling  avia-full-stretch av-section-color-overlay-active avia-bg-style-scroll  avia-builder-el-0  el_before_av_hr  avia-builder-el-first   av-minimum-height av-minimum-height-50  container_wrap fullsize' style='background-repeat: no-repeat; background-image: url(https:\/\/www.hotelaquamer.ca\/wp-content\/uploads\/2025\/04\/AM6A3604.jpg);background-attachment: scroll; background-position: center center;  '  data-section-bg-repeat='stretch' data-av_minimum_height_pc='50'><div class='av-section-color-overlay-wrap'><div class='av-section-color-overlay' style='opacity: 0.5; background-color: #000000; '><\/div><div class='container' ><main  role=\"main\" itemprop=\"mainContentOfPage\"  class='template-page content  av-content-full alpha units'><div class='post-entry post-entry-type-page post-entry-1094'><div class='entry-content-wrapper clearfix'>\n<div class=\"flex_column av_one_full  flex_column_div first  avia-builder-el-1  avia-builder-el-no-sibling  \" style='padding:5%; border-radius:0px; '><div  style='padding-bottom:10px; color:#ffffff;font-size:60px;' class='av-special-heading av-special-heading-h1 custom-color-heading blockquote modern-quote modern-centered  avia-builder-el-2  avia-builder-el-no-sibling  av-inherit-size '><h1 class='av-special-heading-tag '  itemprop=\"headline\"  >Careers<\/h1><div class='special-heading-border'><div class='special-heading-inner-border' style='border-color:#ffffff'><\/div><\/div><\/div><\/div>\n<\/div><\/div><\/main><!-- close content main element --><\/div><\/div><\/div><div id='after_section_1'  class='main_color av_default_container_wrap container_wrap fullsize' style=' '  ><div class='container' ><div class='template-page content  av-content-full alpha units'><div class='post-entry post-entry-type-page post-entry-1094'><div class='entry-content-wrapper clearfix'>\n<div  style='height:100px' class='hr hr-invisible   avia-builder-el-3  el_after_av_section  el_before_av_hr  avia-builder-el-first '><span class='hr-inner ' ><span class='hr-inner-style'><\/span><\/span><\/div>\n<div  style='height:50px' class='hr hr-invisible   avia-builder-el-4  el_after_av_hr  el_before_av_layout_row  avia-builder-el-last '><span class='hr-inner ' ><span class='hr-inner-style'><\/span><\/span><\/div>\n<\/div><\/div><\/div><!-- close content main div --><\/div><\/div><div id='av-layout-grid-1'  class='av-layout-grid-container entry-content-wrapper main_color av-flex-cells     avia-builder-el-5  el_after_av_hr  el_before_av_section  submenu-not-first container_wrap fullsize' style=' '  >\n<div class=\"flex_cell no_margin av_one_third  avia-builder-el-6  el_before_av_cell_two_third  avia-builder-el-first   avia-full-stretch \"  style='vertical-align:top; padding:30px 10% 30px 10% ; ' ><div class='flex_cell_inner' ><div class=\"flex_column av_one_full  flex_column_div av-zero-column-padding first  avia-builder-el-7  avia-builder-el-no-sibling  \" style='border-radius:0px; '><p><div  style='padding-bottom:0px; color:#90a3a2;font-size:22px;' class='av-special-heading av-special-heading-h3 custom-color-heading blockquote modern-quote  avia-builder-el-8  el_before_av_heading  avia-builder-el-first  av-inherit-size '><h3 class='av-special-heading-tag '  itemprop=\"headline\"  >Our job<\/h3><div class='special-heading-border'><div class='special-heading-inner-border' style='border-color:#90a3a2'><\/div><\/div><\/div><br \/>\n<div  style='padding-bottom:0px; color:#3c4748;font-size:57px;' class='av-special-heading av-special-heading-h2 custom-color-heading blockquote modern-quote  avia-builder-el-9  el_after_av_heading  avia-builder-el-last  av-inherit-size '><h2 class='av-special-heading-tag '  itemprop=\"headline\"  >offers<\/h2><div class='special-heading-border'><div class='special-heading-inner-border' style='border-color:#3c4748'><\/div><\/div><\/div><\/p><\/div>\n<\/div><\/div><div class=\"flex_cell no_margin av_two_third  avia-builder-el-10  el_after_av_cell_one_third  avia-builder-el-last   avia-full-stretch \"  style='vertical-align:middle; padding:30px 10% 30px 10% ; ' ><div class='flex_cell_inner' ><div class=\"flex_column av_one_full  flex_column_div av-zero-column-padding first  avia-builder-el-11  avia-builder-el-no-sibling  \" style='border-radius:0px; '><section class=\"av_textblock_section \"  itemscope=\"itemscope\" itemtype=\"https:\/\/schema.org\/CreativeWork\" ><div class='avia_textblock  '   itemprop=\"text\" ><p>Located in the heart of the magnificent Baie-des-Chaleurs in Carleton-sur-Mer, the Hotel Aquamer invites you to discover an exceptional setting. Our seasonal establishment, open from May to October, offers comfortable and welcoming rooms, a seawater swimming pool, and communal spaces inviting you to share, thus offering our guests a pleasant and comfortable stay in a privileged natural environment facing the sea.<\/p>\n<h4>Apply to the following email address: <a href=\"mailto:info@aquamer.ca\">info@aquamer.ca<\/a><\/h4>\n<\/div><\/section><\/div>\n<\/div><\/div>\n<\/div>\n<div id='av_section_2'  class='avia-section main_color avia-section-default avia-no-border-styling  avia-bg-style-scroll  avia-builder-el-13  el_after_av_layout_row  avia-builder-el-last   container_wrap fullsize' style=' '  ><div class='container' ><div class='template-page content  av-content-full alpha units'><div class='post-entry post-entry-type-page post-entry-1094'><div class='entry-content-wrapper clearfix'>\n<div class=\"flex_column av_two_third  flex_column_div av-zero-column-padding first  avia-builder-el-14  avia-builder-el-no-sibling  \" style='border-radius:0px; '><p><section class=\"av_textblock_section \"  itemscope=\"itemscope\" itemtype=\"https:\/\/schema.org\/CreativeWork\" ><div class='avia_textblock  '   itemprop=\"text\" ><p>Are you passionate about hospitality? Would you like to work in an exceptional setting in Carleton-sur-Mer? We invite you to send us your spontaneous application!<\/p>\n<p>Whether you have experience in the hotel industry or simply want to learn in a welcoming environment, send us your CV and share with us your motivation to join our seaside adventure.<\/p>\n<\/div><\/section><br \/>\n<div  class='avia-button-wrap avia-button-left  avia-builder-el-16  el_after_av_textblock  avia-builder-el-last ' ><a href='mailto:mailto:info@aquamer.ca'  class='avia-button av-icon-on-hover  avia-icon_select-yes-left-icon avia-color-theme-color avia-size-large avia-position-left '   ><span class='avia_button_icon avia_button_icon_left ' aria-hidden='true' data-av_icon='\ue88d' data-av_iconfont='entypo-fontello'><\/span><span class='avia_iconbox_title' >Send us your application<\/span><\/a><\/div><\/p><\/div>\n","protected":false},"excerpt":{"rendered":"","protected":false},"author":1,"featured_media":0,"parent":0,"menu_order":0,"comment_status":"closed","ping_status":"closed","template":"","meta":{"footnotes":""},"class_list":["post-1094","page","type-page","status-publish","hentry"],"yoast_head":"<!-- This site is optimized with the Yoast SEO plugin v27.5 - https:\/\/yoast.com\/product\/yoast-seo-wordpress\/ -->\n<title>Careers - H\u00f4tel Aquamer<\/title>\n<meta name=\"description\" content=\"Join the team at H\u00f4tel Aquamer in Carleton-sur-Mer, Gasp\u00e9sie! Explore career opportunities in hospitality. Apply now!\" \/>\n<meta name=\"robots\" content=\"index, follow, max-snippet:-1, max-image-preview:large, max-video-preview:-1\" \/>\n<link rel=\"canonical\" href=\"https:\/\/www.hotelaquamer.ca\/en\/careers\/\" \/>\n<meta property=\"og:locale\" content=\"en_US\" \/>\n<meta property=\"og:type\" content=\"article\" \/>\n<meta property=\"og:title\" content=\"Careers - H\u00f4tel Aquamer\" \/>\n<meta property=\"og:description\" content=\"Join the team at H\u00f4tel Aquamer in Carleton-sur-Mer, Gasp\u00e9sie! Explore career opportunities in hospitality. Apply now!\" \/>\n<meta property=\"og:url\" content=\"https:\/\/www.hotelaquamer.ca\/en\/careers\/\" \/>\n<meta property=\"og:site_name\" content=\"H\u00f4tel Aquamer\" \/>\n<meta property=\"article:publisher\" content=\"https:\/\/www.facebook.com\/aquamerthalasso\/\" \/>\n<meta property=\"article:modified_time\" content=\"2025-06-09T15:56:47+00:00\" \/>\n<meta name=\"twitter:card\" content=\"summary_large_image\" \/>\n<meta name=\"twitter:label1\" content=\"Est. reading time\" \/>\n\t<meta name=\"twitter:data1\" content=\"3 minutes\" \/>\n<script type=\"application\/ld+json\" class=\"yoast-schema-graph\">{\"@context\":\"https:\\\/\\\/schema.org\",\"@graph\":[{\"@type\":\"WebPage\",\"@id\":\"https:\\\/\\\/www.hotelaquamer.ca\\\/en\\\/careers\\\/\",\"url\":\"https:\\\/\\\/www.hotelaquamer.ca\\\/en\\\/careers\\\/\",\"name\":\"Careers - H\u00f4tel Aquamer\",\"isPartOf\":{\"@id\":\"https:\\\/\\\/www.hotelaquamer.ca\\\/#website\"},\"datePublished\":\"2020-06-17T16:20:30+00:00\",\"dateModified\":\"2025-06-09T15:56:47+00:00\",\"description\":\"Join the team at H\u00f4tel Aquamer in Carleton-sur-Mer, Gasp\u00e9sie! Explore career opportunities in hospitality. Apply now!\",\"breadcrumb\":{\"@id\":\"https:\\\/\\\/www.hotelaquamer.ca\\\/en\\\/careers\\\/#breadcrumb\"},\"inLanguage\":\"en-US\",\"potentialAction\":[{\"@type\":\"ReadAction\",\"target\":[\"https:\\\/\\\/www.hotelaquamer.ca\\\/en\\\/careers\\\/\"]}]},{\"@type\":\"BreadcrumbList\",\"@id\":\"https:\\\/\\\/www.hotelaquamer.ca\\\/en\\\/careers\\\/#breadcrumb\",\"itemListElement\":[{\"@type\":\"ListItem\",\"position\":1,\"name\":\"Accueil\",\"item\":\"https:\\\/\\\/www.hotelaquamer.ca\\\/en\\\/\"},{\"@type\":\"ListItem\",\"position\":2,\"name\":\"Careers\"}]},{\"@type\":\"WebSite\",\"@id\":\"https:\\\/\\\/www.hotelaquamer.ca\\\/#website\",\"url\":\"https:\\\/\\\/www.hotelaquamer.ca\\\/\",\"name\":\"Pavillon Aquamer\",\"description\":\"Carleton-sur-Mer, Gasp\u00e9sie\",\"publisher\":{\"@id\":\"https:\\\/\\\/www.hotelaquamer.ca\\\/#organization\"},\"potentialAction\":[{\"@type\":\"SearchAction\",\"target\":{\"@type\":\"EntryPoint\",\"urlTemplate\":\"https:\\\/\\\/www.hotelaquamer.ca\\\/?s={search_term_string}\"},\"query-input\":{\"@type\":\"PropertyValueSpecification\",\"valueRequired\":true,\"valueName\":\"search_term_string\"}}],\"inLanguage\":\"en-US\"},{\"@type\":\"Organization\",\"@id\":\"https:\\\/\\\/www.hotelaquamer.ca\\\/#organization\",\"name\":\"Pavillon Aquamer\",\"url\":\"https:\\\/\\\/www.hotelaquamer.ca\\\/\",\"logo\":{\"@type\":\"ImageObject\",\"inLanguage\":\"en-US\",\"@id\":\"https:\\\/\\\/www.hotelaquamer.ca\\\/#\\\/schema\\\/logo\\\/image\\\/\",\"url\":\"https:\\\/\\\/www.hotelaquamer.ca\\\/wp-content\\\/uploads\\\/2021\\\/02\\\/PavillonAquamer_logo_site.png\",\"contentUrl\":\"https:\\\/\\\/www.hotelaquamer.ca\\\/wp-content\\\/uploads\\\/2021\\\/02\\\/PavillonAquamer_logo_site.png\",\"width\":350,\"height\":204,\"caption\":\"Pavillon Aquamer\"},\"image\":{\"@id\":\"https:\\\/\\\/www.hotelaquamer.ca\\\/#\\\/schema\\\/logo\\\/image\\\/\"},\"sameAs\":[\"https:\\\/\\\/www.facebook.com\\\/aquamerthalasso\\\/\",\"https:\\\/\\\/www.instagram.com\\\/aquamer_thalasso\\\/\"]}]}<\/script>\n<!-- \/ Yoast SEO plugin. -->","yoast_head_json":{"title":"Careers - H\u00f4tel Aquamer","description":"Join the team at H\u00f4tel Aquamer in Carleton-sur-Mer, Gasp\u00e9sie! Explore career opportunities in hospitality. Apply now!","robots":{"index":"index","follow":"follow","max-snippet":"max-snippet:-1","max-image-preview":"max-image-preview:large","max-video-preview":"max-video-preview:-1"},"canonical":"https:\/\/www.hotelaquamer.ca\/en\/careers\/","og_locale":"en_US","og_type":"article","og_title":"Careers - H\u00f4tel Aquamer","og_description":"Join the team at H\u00f4tel Aquamer in Carleton-sur-Mer, Gasp\u00e9sie! Explore career opportunities in hospitality. Apply now!","og_url":"https:\/\/www.hotelaquamer.ca\/en\/careers\/","og_site_name":"H\u00f4tel Aquamer","article_publisher":"https:\/\/www.facebook.com\/aquamerthalasso\/","article_modified_time":"2025-06-09T15:56:47+00:00","twitter_card":"summary_large_image","twitter_misc":{"Est. reading time":"3 minutes"},"schema":{"@context":"https:\/\/schema.org","@graph":[{"@type":"WebPage","@id":"https:\/\/www.hotelaquamer.ca\/en\/careers\/","url":"https:\/\/www.hotelaquamer.ca\/en\/careers\/","name":"Careers - H\u00f4tel Aquamer","isPartOf":{"@id":"https:\/\/www.hotelaquamer.ca\/#website"},"datePublished":"2020-06-17T16:20:30+00:00","dateModified":"2025-06-09T15:56:47+00:00","description":"Join the team at H\u00f4tel Aquamer in Carleton-sur-Mer, Gasp\u00e9sie! Explore career opportunities in hospitality. Apply now!","breadcrumb":{"@id":"https:\/\/www.hotelaquamer.ca\/en\/careers\/#breadcrumb"},"inLanguage":"en-US","potentialAction":[{"@type":"ReadAction","target":["https:\/\/www.hotelaquamer.ca\/en\/careers\/"]}]},{"@type":"BreadcrumbList","@id":"https:\/\/www.hotelaquamer.ca\/en\/careers\/#breadcrumb","itemListElement":[{"@type":"ListItem","position":1,"name":"Accueil","item":"https:\/\/www.hotelaquamer.ca\/en\/"},{"@type":"ListItem","position":2,"name":"Careers"}]},{"@type":"WebSite","@id":"https:\/\/www.hotelaquamer.ca\/#website","url":"https:\/\/www.hotelaquamer.ca\/","name":"Pavillon Aquamer","description":"Carleton-sur-Mer, Gasp\u00e9sie","publisher":{"@id":"https:\/\/www.hotelaquamer.ca\/#organization"},"potentialAction":[{"@type":"SearchAction","target":{"@type":"EntryPoint","urlTemplate":"https:\/\/www.hotelaquamer.ca\/?s={search_term_string}"},"query-input":{"@type":"PropertyValueSpecification","valueRequired":true,"valueName":"search_term_string"}}],"inLanguage":"en-US"},{"@type":"Organization","@id":"https:\/\/www.hotelaquamer.ca\/#organization","name":"Pavillon Aquamer","url":"https:\/\/www.hotelaquamer.ca\/","logo":{"@type":"ImageObject","inLanguage":"en-US","@id":"https:\/\/www.hotelaquamer.ca\/#\/schema\/logo\/image\/","url":"https:\/\/www.hotelaquamer.ca\/wp-content\/uploads\/2021\/02\/PavillonAquamer_logo_site.png","contentUrl":"https:\/\/www.hotelaquamer.ca\/wp-content\/uploads\/2021\/02\/PavillonAquamer_logo_site.png","width":350,"height":204,"caption":"Pavillon Aquamer"},"image":{"@id":"https:\/\/www.hotelaquamer.ca\/#\/schema\/logo\/image\/"},"sameAs":["https:\/\/www.facebook.com\/aquamerthalasso\/","https:\/\/www.instagram.com\/aquamer_thalasso\/"]}]}},"_links":{"self":[{"href":"https:\/\/www.hotelaquamer.ca\/en\/wp-json\/wp\/v2\/pages\/1094","targetHints":{"allow":["GET"]}}],"collection":[{"href":"https:\/\/www.hotelaquamer.ca\/en\/wp-json\/wp\/v2\/pages"}],"about":[{"href":"https:\/\/www.hotelaquamer.ca\/en\/wp-json\/wp\/v2\/types\/page"}],"author":[{"embeddable":true,"href":"https:\/\/www.hotelaquamer.ca\/en\/wp-json\/wp\/v2\/users\/1"}],"replies":[{"embeddable":true,"href":"https:\/\/www.hotelaquamer.ca\/en\/wp-json\/wp\/v2\/comments?post=1094"}],"version-history":[{"count":12,"href":"https:\/\/www.hotelaquamer.ca\/en\/wp-json\/wp\/v2\/pages\/1094\/revisions"}],"predecessor-version":[{"id":4405,"href":"https:\/\/www.hotelaquamer.ca\/en\/wp-json\/wp\/v2\/pages\/1094\/revisions\/4405"}],"wp:attachment":[{"href":"https:\/\/www.hotelaquamer.ca\/en\/wp-json\/wp\/v2\/media?parent=1094"}],"curies":[{"name":"wp","href":"https:\/\/api.w.org\/{rel}","templated":true}]}}